{"id":2414,"date":"2025-05-21T11:49:36","date_gmt":"2025-05-21T09:49:36","guid":{"rendered":"https:\/\/indawood.hu\/?page_id=2414"},"modified":"2025-05-23T14:43:54","modified_gmt":"2025-05-23T12:43:54","slug":"palyazat","status":"publish","type":"page","link":"https:\/\/indawood.hu\/en\/palyazat\/","title":{"rendered":"P\u00e1ly\u00e1zat"},"content":{"rendered":"<div data-elementor-type=\"wp-page\" data-elementor-id=\"2414\" class=\"elementor elementor-2414\" data-elementor-post-type=\"page\">\n\t\t\t\t<div class=\"elementor-element elementor-element-063ea7c e-flex e-con-boxed e-con e-parent\" data-id=\"063ea7c\" data-element_type=\"container\" data-e-type=\"container\" data-settings=\"{&quot;background_background&quot;:&quot;classic&quot;}\">\n\t\t\t\t\t<div class=\"e-con-inner\">\n\t\t\t\t<div class=\"elementor-element elementor-element-ecf9d25 elementor-widget elementor-widget-heading\" data-id=\"ecf9d25\" data-element_type=\"widget\" data-e-type=\"widget\" data-widget_type=\"heading.default\">\n\t\t\t\t<div class=\"elementor-widget-container\">\n\t\t\t\t\t<h2 class=\"elementor-heading-title elementor-size-default\">P\u00e1ly\u00e1zat<\/h2>\t\t\t\t<\/div>\n\t\t\t\t<\/div>\n\t\t\t\t\t<\/div>\n\t\t\t\t<\/div>\n\t\t<div class=\"elementor-element elementor-element-38d2385 e-flex e-con-boxed e-con e-parent\" data-id=\"38d2385\" data-element_type=\"container\" data-e-type=\"container\">\n\t\t\t\t\t<div class=\"e-con-inner\">\n\t\t<div class=\"elementor-element elementor-element-89f0549 e-con-full e-flex e-con e-child\" data-id=\"89f0549\" data-element_type=\"container\" data-e-type=\"container\">\n\t\t\t\t<div class=\"elementor-element elementor-element-8536f4a elementor-widget elementor-widget-image\" data-id=\"8536f4a\" data-element_type=\"widget\" data-e-type=\"widget\" data-widget_type=\"image.default\">\n\t\t\t\t<div class=\"elementor-widget-container\">\n\t\t\t\t\t\t\t\t\t\t\t\t\t\t\t<img fetchpriority=\"high\" decoding=\"async\" width=\"800\" height=\"419\" src=\"https:\/\/indawood.hu\/wp-content\/uploads\/2025\/05\/projekt-tabla-v2-e1748004208556-1024x536.png\" class=\"attachment-large size-large wp-image-2432\" alt=\"Projekt t\u00e1bla\" srcset=\"https:\/\/indawood.hu\/wp-content\/uploads\/2025\/05\/projekt-tabla-v2-e1748004208556-1024x536.png 1024w, https:\/\/indawood.hu\/wp-content\/uploads\/2025\/05\/projekt-tabla-v2-e1748004208556-700x367.png 700w, https:\/\/indawood.hu\/wp-content\/uploads\/2025\/05\/projekt-tabla-v2-e1748004208556-768x402.png 768w, https:\/\/indawood.hu\/wp-content\/uploads\/2025\/05\/projekt-tabla-v2-e1748004208556-1536x804.png 1536w, https:\/\/indawood.hu\/wp-content\/uploads\/2025\/05\/projekt-tabla-v2-e1748004208556-2048x1072.png 2048w, https:\/\/indawood.hu\/wp-content\/uploads\/2025\/05\/projekt-tabla-v2-e1748004208556-18x9.png 18w\" sizes=\"(max-width: 800px) 100vw, 800px\" \/>\t\t\t\t\t\t\t\t\t\t\t\t\t\t\t<\/div>\n\t\t\t\t<\/div>\n\t\t\t\t<div class=\"elementor-element elementor-element-9a57cc5 elementor-widget elementor-widget-text-editor\" data-id=\"9a57cc5\" data-element_type=\"widget\" data-e-type=\"widget\" data-widget_type=\"text-editor.default\">\n\t\t\t\t<div class=\"elementor-widget-container\">\n\t\t\t\t\t\t\t\t\t<p><strong>Kedvezm\u00e9nyezett neve:<\/strong> Inda M\u00e1tra Kft.<\/p><p><strong>Felh\u00edv\u00e1s k\u00f3dja, c\u00edme:<\/strong> D\u00e9l-M\u00e1tra K\u00f6zhaszn\u00fa Egyesu\u0308let &#8211; Turisztikai szolg\u00e1ltat\u00e1sok fejleszt\u00e9se VP6-19.2.1.-22-2.-17<\/p><p><strong>Projekt megval\u00f3s\u00edt\u00e1s helysz\u00edne:<\/strong> 3235 M\u00e1traszentimre, Pet\u0151fi S\u00e1ndor utca 2\/2.<\/p><p><strong>Projekt c\u00edme:<\/strong> Turisztikai Szolg\u00e1ltat\u00e1sfejleszt\u00e9s \u00e9s korszer\u0171s\u00edt\u00e9s energiahat\u00e9konys\u00e1gi beruh\u00e1z\u00e1s megval\u00f3s\u00edt\u00e1s\u00e1val<\/p><p><strong>Projekt azonos\u00edt\u00f3 sz\u00e1ma:<\/strong> 3417694132<\/p><p><strong>T\u00e1mogat\u00e1s \u00f6sszege:<\/strong> 8.578.430.-<\/p><p><strong>T\u00e1mogat\u00e1s m\u00e9rt\u00e9ke:<\/strong> 60%<\/p><p><strong>Projekt befejez\u00e9si d\u00e1tuma:<\/strong> 2025.04.30.<\/p><p><strong>Projekt tartalm\u00e1nak r\u00f6vid bemutat\u00e1sa:<\/strong> A p\u00e1ly\u00e1zatban val\u00f3 r\u00e9szv\u00e9tel\u00fcnk c\u00e9lja az Indawood vend\u00e9gh\u00e1z energiahat\u00e9konys\u00e1g\u00e1nak fejleszt\u00e9se volt, mely a kivitelez\u0151k, szolg\u00e1ltat\u00f3k seg\u00edts\u00e9g\u00e9vel sikeresen megval\u00f3sult. A p\u00e1ly\u00e1zat beny\u00fajt\u00e1sa \u00e9s a kivitelez\u00e9s sor\u00e1n is fontos szempont volt az energiahat\u00e9konys\u00e1g, a k\u00f6rnyezet\u00fcnkre val\u00f3 odafigyel\u00e9s. Ennek jegy\u00e9ben telep\u00edt\u00e9sre ker\u00fclt az ingatlanon az energiaell\u00e1t\u00e1st biztos\u00edt\u00f3 napelem rendszer, \u00e9s a h\u0151megtart\u00e1st el\u0151seg\u00edtend\u0151 k\u00fcls\u0151 h\u0151sziget\u0151 burkolat. Ezen fel\u00fcl fel\u00faj\u00edt\u00e1sra ker\u00fcltek a k\u00fcls\u0151 faburkolati elemek, j\u00e1rda, korl\u00e1t, \u00e9s elk\u00e9sz\u00fclt az <a href=\"https:\/\/indawood.hu\/en\/\" target=\"_blank\" rel=\"noopener\">indawood.hu<\/a> minden ig\u00e9nyt kiel\u00e9g\u00edt\u0151 vend\u00e9gbar\u00e1t honlapja. A t\u00e1mogat\u00e1s seg\u00edts\u00e9g\u00e9vel vend\u00e9gh\u00e1zunk meg\u00fajult, \u00faj arculatot kapott.<\/p>\t\t\t\t\t\t\t\t<\/div>\n\t\t\t\t<\/div>\n\t\t<div class=\"elementor-element elementor-element-97ec1d3 e-con-full e-flex e-con e-child\" data-id=\"97ec1d3\" data-element_type=\"container\" data-e-type=\"container\">\n\t\t<div class=\"elementor-element elementor-element-0d6b8fd e-con-full e-flex e-con e-child\" data-id=\"0d6b8fd\" data-element_type=\"container\" data-e-type=\"container\">\n\t\t\t\t<div class=\"elementor-element elementor-element-6c2d78b elementor-widget elementor-widget-image\" data-id=\"6c2d78b\" data-element_type=\"widget\" data-e-type=\"widget\" data-widget_type=\"image.default\">\n\t\t\t\t<div class=\"elementor-widget-container\">\n\t\t\t\t\t\t\t\t\t\t\t\t\t\t\t<img decoding=\"async\" width=\"101\" height=\"99\" src=\"https:\/\/indawood.hu\/wp-content\/uploads\/2025\/05\/leader.png\" class=\"attachment-large size-large wp-image-2419\" alt=\"Leader\" srcset=\"https:\/\/indawood.hu\/wp-content\/uploads\/2025\/05\/leader.png 101w, https:\/\/indawood.hu\/wp-content\/uploads\/2025\/05\/leader-12x12.png 12w\" sizes=\"(max-width: 101px) 100vw, 101px\" \/>\t\t\t\t\t\t\t\t\t\t\t\t\t\t\t<\/div>\n\t\t\t\t<\/div>\n\t\t\t\t<\/div>\n\t\t<div class=\"elementor-element elementor-element-4387b7d e-con-full e-flex e-con e-child\" data-id=\"4387b7d\" data-element_type=\"container\" data-e-type=\"container\">\n\t\t\t\t<div class=\"elementor-element elementor-element-786edf7 elementor-widget elementor-widget-image\" data-id=\"786edf7\" data-element_type=\"widget\" data-e-type=\"widget\" data-widget_type=\"image.default\">\n\t\t\t\t<div class=\"elementor-widget-container\">\n\t\t\t\t\t\t\t\t\t\t\t\t\t\t\t<img decoding=\"async\" width=\"126\" height=\"101\" src=\"https:\/\/indawood.hu\/wp-content\/uploads\/2025\/05\/del-matra.png\" class=\"attachment-large size-large wp-image-2420\" alt=\"D\u00e9l-M\u00e1tra K\u00f6zhaszn\u00fa Egyes\u00fclet\" srcset=\"https:\/\/indawood.hu\/wp-content\/uploads\/2025\/05\/del-matra.png 126w, https:\/\/indawood.hu\/wp-content\/uploads\/2025\/05\/del-matra-15x12.png 15w\" sizes=\"(max-width: 126px) 100vw, 126px\" \/>\t\t\t\t\t\t\t\t\t\t\t\t\t\t\t<\/div>\n\t\t\t\t<\/div>\n\t\t\t\t<\/div>\n\t\t<div class=\"elementor-element elementor-element-9cef63a e-con-full e-flex e-con e-child\" data-id=\"9cef63a\" data-element_type=\"container\" data-e-type=\"container\">\n\t\t\t\t<div class=\"elementor-element elementor-element-678e5eb elementor-widget elementor-widget-image\" data-id=\"678e5eb\" data-element_type=\"widget\" data-e-type=\"widget\" data-widget_type=\"image.default\">\n\t\t\t\t<div class=\"elementor-widget-container\">\n\t\t\t\t\t\t\t\t\t\t\t\t\t\t\t<img loading=\"lazy\" decoding=\"async\" width=\"800\" height=\"553\" src=\"https:\/\/indawood.hu\/wp-content\/uploads\/2024\/11\/szechenyi-1024x708.png\" class=\"attachment-large size-large wp-image-2409\" alt=\"Sz\u00e9chenyi 2020\" srcset=\"https:\/\/indawood.hu\/wp-content\/uploads\/2024\/11\/szechenyi-1024x708.png 1024w, https:\/\/indawood.hu\/wp-content\/uploads\/2024\/11\/szechenyi-700x484.png 700w, https:\/\/indawood.hu\/wp-content\/uploads\/2024\/11\/szechenyi-768x531.png 768w, https:\/\/indawood.hu\/wp-content\/uploads\/2024\/11\/szechenyi-18x12.png 18w, https:\/\/indawood.hu\/wp-content\/uploads\/2024\/11\/szechenyi.png 1453w\" sizes=\"(max-width: 800px) 100vw, 800px\" \/>\t\t\t\t\t\t\t\t\t\t\t\t\t\t\t<\/div>\n\t\t\t\t<\/div>\n\t\t\t\t<\/div>\n\t\t\t\t<\/div>\n\t\t\t\t<\/div>\n\t\t\t\t\t<\/div>\n\t\t\t\t<\/div>\n\t\t\t\t<\/div>","protected":false},"excerpt":{"rendered":"<p>P\u00e1ly\u00e1zat Kedvezm\u00e9nyezett neve: Inda M\u00e1tra Kft. Felh\u00edv\u00e1s k\u00f3dja, c\u00edme: D\u00e9l-M\u00e1tra K\u00f6zhaszn\u00fa Egyesu\u0308let &#8211; Turisztikai szolg\u00e1ltat\u00e1sok fejleszt\u00e9se VP6-19.2.1.-22-2.-17 Projekt megval\u00f3s\u00edt\u00e1s helysz\u00edne: 3235 M\u00e1traszentimre Pet\u0151fi S\u00e1ndor utca 2\/2. Projekt c\u00edme: Turisztikai Szolg\u00e1ltat\u00e1sfejleszt\u00e9s \u00e9s korszer\u0171s\u00edt\u00e9s energiahat\u00e9konys\u00e1gi beruh\u00e1z\u00e1s megval\u00f3s\u00edt\u00e1s\u00e1val Projekt azonos\u00edt\u00f3 sz\u00e1ma: 3417694132 T\u00e1mogat\u00e1s \u00f6sszege: 8.578.430.- T\u00e1mogat\u00e1s m\u00e9rt\u00e9ke: 60% Projekt befejez\u00e9si d\u00e1tuma: 2025.04.30. Projekt tartalm\u00e1nak r\u00f6vid bemutat\u00e1sa: A p\u00e1ly\u00e1zatban [&hellip;]<\/p>\n","protected":false},"author":1,"featured_media":0,"parent":0,"menu_order":0,"comment_status":"closed","ping_status":"closed","template":"","meta":{"footnotes":""},"class_list":["post-2414","page","type-page","status-publish","hentry"],"yoast_head":"<!-- This site is optimized with the Yoast SEO plugin v27.3 - https:\/\/yoast.com\/product\/yoast-seo-wordpress\/ -->\n<title>P\u00e1ly\u00e1zat - Indawood<\/title>\n<meta name=\"robots\" content=\"index, follow, max-snippet:-1, max-image-preview:large, max-video-preview:-1\" \/>\n<link rel=\"canonical\" href=\"https:\/\/indawood.hu\/en\/palyazat\/\" \/>\n<meta property=\"og:locale\" content=\"en_GB\" \/>\n<meta property=\"og:type\" content=\"article\" \/>\n<meta property=\"og:title\" content=\"P\u00e1ly\u00e1zat - Indawood\" \/>\n<meta property=\"og:description\" content=\"P\u00e1ly\u00e1zat Kedvezm\u00e9nyezett neve: Inda M\u00e1tra Kft. Felh\u00edv\u00e1s k\u00f3dja, c\u00edme: D\u00e9l-M\u00e1tra K\u00f6zhaszn\u00fa Egyesu\u0308let &#8211; Turisztikai szolg\u00e1ltat\u00e1sok fejleszt\u00e9se VP6-19.2.1.-22-2.-17 Projekt megval\u00f3s\u00edt\u00e1s helysz\u00edne: 3235 M\u00e1traszentimre Pet\u0151fi S\u00e1ndor utca 2\/2. Projekt c\u00edme: Turisztikai Szolg\u00e1ltat\u00e1sfejleszt\u00e9s \u00e9s korszer\u0171s\u00edt\u00e9s energiahat\u00e9konys\u00e1gi beruh\u00e1z\u00e1s megval\u00f3s\u00edt\u00e1s\u00e1val Projekt azonos\u00edt\u00f3 sz\u00e1ma: 3417694132 T\u00e1mogat\u00e1s \u00f6sszege: 8.578.430.- T\u00e1mogat\u00e1s m\u00e9rt\u00e9ke: 60% Projekt befejez\u00e9si d\u00e1tuma: 2025.04.30. Projekt tartalm\u00e1nak r\u00f6vid bemutat\u00e1sa: A p\u00e1ly\u00e1zatban [&hellip;]\" \/>\n<meta property=\"og:url\" content=\"https:\/\/indawood.hu\/en\/palyazat\/\" \/>\n<meta property=\"og:site_name\" content=\"Indawood\" \/>\n<meta property=\"article:publisher\" content=\"https:\/\/www.facebook.com\/indawoodmatra\" \/>\n<meta property=\"article:modified_time\" content=\"2025-05-23T12:43:54+00:00\" \/>\n<meta property=\"og:image\" content=\"https:\/\/indawood.hu\/wp-content\/uploads\/2025\/05\/projekt-tabla-v2-e1748004208556-1024x536.png\" \/>\n<meta name=\"twitter:card\" content=\"summary_large_image\" \/>\n<meta name=\"twitter:label1\" content=\"Estimated reading time\" \/>\n\t<meta name=\"twitter:data1\" content=\"2 minutes\" \/>\n<script type=\"application\/ld+json\" class=\"yoast-schema-graph\">{\"@context\":\"https:\\\/\\\/schema.org\",\"@graph\":[{\"@type\":\"WebPage\",\"@id\":\"https:\\\/\\\/indawood.hu\\\/palyazat\\\/\",\"url\":\"https:\\\/\\\/indawood.hu\\\/palyazat\\\/\",\"name\":\"P\u00e1ly\u00e1zat - Indawood\",\"isPartOf\":{\"@id\":\"https:\\\/\\\/indawood.hu\\\/#website\"},\"primaryImageOfPage\":{\"@id\":\"https:\\\/\\\/indawood.hu\\\/palyazat\\\/#primaryimage\"},\"image\":{\"@id\":\"https:\\\/\\\/indawood.hu\\\/palyazat\\\/#primaryimage\"},\"thumbnailUrl\":\"https:\\\/\\\/indawood.hu\\\/wp-content\\\/uploads\\\/2025\\\/05\\\/projekt-tabla-v2-e1748004208556-1024x536.png\",\"datePublished\":\"2025-05-21T09:49:36+00:00\",\"dateModified\":\"2025-05-23T12:43:54+00:00\",\"breadcrumb\":{\"@id\":\"https:\\\/\\\/indawood.hu\\\/palyazat\\\/#breadcrumb\"},\"inLanguage\":\"en-GB\",\"potentialAction\":[{\"@type\":\"ReadAction\",\"target\":[\"https:\\\/\\\/indawood.hu\\\/palyazat\\\/\"]}]},{\"@type\":\"ImageObject\",\"inLanguage\":\"en-GB\",\"@id\":\"https:\\\/\\\/indawood.hu\\\/palyazat\\\/#primaryimage\",\"url\":\"https:\\\/\\\/indawood.hu\\\/wp-content\\\/uploads\\\/2025\\\/05\\\/projekt-tabla-v2-e1748004208556-1024x536.png\",\"contentUrl\":\"https:\\\/\\\/indawood.hu\\\/wp-content\\\/uploads\\\/2025\\\/05\\\/projekt-tabla-v2-e1748004208556-1024x536.png\"},{\"@type\":\"BreadcrumbList\",\"@id\":\"https:\\\/\\\/indawood.hu\\\/palyazat\\\/#breadcrumb\",\"itemListElement\":[{\"@type\":\"ListItem\",\"position\":1,\"name\":\"Kezd\u0151lap\",\"item\":\"https:\\\/\\\/indawood.hu\\\/\"},{\"@type\":\"ListItem\",\"position\":2,\"name\":\"P\u00e1ly\u00e1zat\"}]},{\"@type\":\"WebSite\",\"@id\":\"https:\\\/\\\/indawood.hu\\\/#website\",\"url\":\"https:\\\/\\\/indawood.hu\\\/\",\"name\":\"Indawood\",\"description\":\"Felt\u00f6lt\u0151d\u00e9s a M\u00e1tra sz\u00edv\u00e9ben\",\"publisher\":{\"@id\":\"https:\\\/\\\/indawood.hu\\\/#organization\"},\"potentialAction\":[{\"@type\":\"SearchAction\",\"target\":{\"@type\":\"EntryPoint\",\"urlTemplate\":\"https:\\\/\\\/indawood.hu\\\/?s={search_term_string}\"},\"query-input\":{\"@type\":\"PropertyValueSpecification\",\"valueRequired\":true,\"valueName\":\"search_term_string\"}}],\"inLanguage\":\"en-GB\"},{\"@type\":\"Organization\",\"@id\":\"https:\\\/\\\/indawood.hu\\\/#organization\",\"name\":\"Indawood\",\"url\":\"https:\\\/\\\/indawood.hu\\\/\",\"logo\":{\"@type\":\"ImageObject\",\"inLanguage\":\"en-GB\",\"@id\":\"https:\\\/\\\/indawood.hu\\\/#\\\/schema\\\/logo\\\/image\\\/\",\"url\":\"https:\\\/\\\/indawood.hu\\\/wp-content\\\/uploads\\\/2024\\\/11\\\/logo-feher-1.png\",\"contentUrl\":\"https:\\\/\\\/indawood.hu\\\/wp-content\\\/uploads\\\/2024\\\/11\\\/logo-feher-1.png\",\"width\":1024,\"height\":1024,\"caption\":\"Indawood\"},\"image\":{\"@id\":\"https:\\\/\\\/indawood.hu\\\/#\\\/schema\\\/logo\\\/image\\\/\"},\"sameAs\":[\"https:\\\/\\\/www.facebook.com\\\/indawoodmatra\"]}]}<\/script>\n<!-- \/ Yoast SEO plugin. -->","yoast_head_json":{"title":"P\u00e1ly\u00e1zat - Indawood","robots":{"index":"index","follow":"follow","max-snippet":"max-snippet:-1","max-image-preview":"max-image-preview:large","max-video-preview":"max-video-preview:-1"},"canonical":"https:\/\/indawood.hu\/en\/palyazat\/","og_locale":"en_GB","og_type":"article","og_title":"P\u00e1ly\u00e1zat - Indawood","og_description":"P\u00e1ly\u00e1zat Kedvezm\u00e9nyezett neve: Inda M\u00e1tra Kft. Felh\u00edv\u00e1s k\u00f3dja, c\u00edme: D\u00e9l-M\u00e1tra K\u00f6zhaszn\u00fa Egyesu\u0308let &#8211; Turisztikai szolg\u00e1ltat\u00e1sok fejleszt\u00e9se VP6-19.2.1.-22-2.-17 Projekt megval\u00f3s\u00edt\u00e1s helysz\u00edne: 3235 M\u00e1traszentimre Pet\u0151fi S\u00e1ndor utca 2\/2. Projekt c\u00edme: Turisztikai Szolg\u00e1ltat\u00e1sfejleszt\u00e9s \u00e9s korszer\u0171s\u00edt\u00e9s energiahat\u00e9konys\u00e1gi beruh\u00e1z\u00e1s megval\u00f3s\u00edt\u00e1s\u00e1val Projekt azonos\u00edt\u00f3 sz\u00e1ma: 3417694132 T\u00e1mogat\u00e1s \u00f6sszege: 8.578.430.- T\u00e1mogat\u00e1s m\u00e9rt\u00e9ke: 60% Projekt befejez\u00e9si d\u00e1tuma: 2025.04.30. Projekt tartalm\u00e1nak r\u00f6vid bemutat\u00e1sa: A p\u00e1ly\u00e1zatban [&hellip;]","og_url":"https:\/\/indawood.hu\/en\/palyazat\/","og_site_name":"Indawood","article_publisher":"https:\/\/www.facebook.com\/indawoodmatra","article_modified_time":"2025-05-23T12:43:54+00:00","og_image":[{"url":"https:\/\/indawood.hu\/wp-content\/uploads\/2025\/05\/projekt-tabla-v2-e1748004208556-1024x536.png","type":"","width":"","height":""}],"twitter_card":"summary_large_image","twitter_misc":{"Estimated reading time":"2 minutes"},"schema":{"@context":"https:\/\/schema.org","@graph":[{"@type":"WebPage","@id":"https:\/\/indawood.hu\/palyazat\/","url":"https:\/\/indawood.hu\/palyazat\/","name":"P\u00e1ly\u00e1zat - Indawood","isPartOf":{"@id":"https:\/\/indawood.hu\/#website"},"primaryImageOfPage":{"@id":"https:\/\/indawood.hu\/palyazat\/#primaryimage"},"image":{"@id":"https:\/\/indawood.hu\/palyazat\/#primaryimage"},"thumbnailUrl":"https:\/\/indawood.hu\/wp-content\/uploads\/2025\/05\/projekt-tabla-v2-e1748004208556-1024x536.png","datePublished":"2025-05-21T09:49:36+00:00","dateModified":"2025-05-23T12:43:54+00:00","breadcrumb":{"@id":"https:\/\/indawood.hu\/palyazat\/#breadcrumb"},"inLanguage":"en-GB","potentialAction":[{"@type":"ReadAction","target":["https:\/\/indawood.hu\/palyazat\/"]}]},{"@type":"ImageObject","inLanguage":"en-GB","@id":"https:\/\/indawood.hu\/palyazat\/#primaryimage","url":"https:\/\/indawood.hu\/wp-content\/uploads\/2025\/05\/projekt-tabla-v2-e1748004208556-1024x536.png","contentUrl":"https:\/\/indawood.hu\/wp-content\/uploads\/2025\/05\/projekt-tabla-v2-e1748004208556-1024x536.png"},{"@type":"BreadcrumbList","@id":"https:\/\/indawood.hu\/palyazat\/#breadcrumb","itemListElement":[{"@type":"ListItem","position":1,"name":"Kezd\u0151lap","item":"https:\/\/indawood.hu\/"},{"@type":"ListItem","position":2,"name":"P\u00e1ly\u00e1zat"}]},{"@type":"WebSite","@id":"https:\/\/indawood.hu\/#website","url":"https:\/\/indawood.hu\/","name":"Indawood","description":"Recharge in the Heart of the M\u00e1tra","publisher":{"@id":"https:\/\/indawood.hu\/#organization"},"potentialAction":[{"@type":"SearchAction","target":{"@type":"EntryPoint","urlTemplate":"https:\/\/indawood.hu\/?s={search_term_string}"},"query-input":{"@type":"PropertyValueSpecification","valueRequired":true,"valueName":"search_term_string"}}],"inLanguage":"en-GB"},{"@type":"Organization","@id":"https:\/\/indawood.hu\/#organization","name":"Indawood","url":"https:\/\/indawood.hu\/","logo":{"@type":"ImageObject","inLanguage":"en-GB","@id":"https:\/\/indawood.hu\/#\/schema\/logo\/image\/","url":"https:\/\/indawood.hu\/wp-content\/uploads\/2024\/11\/logo-feher-1.png","contentUrl":"https:\/\/indawood.hu\/wp-content\/uploads\/2024\/11\/logo-feher-1.png","width":1024,"height":1024,"caption":"Indawood"},"image":{"@id":"https:\/\/indawood.hu\/#\/schema\/logo\/image\/"},"sameAs":["https:\/\/www.facebook.com\/indawoodmatra"]}]}},"_links":{"self":[{"href":"https:\/\/indawood.hu\/en\/wp-json\/wp\/v2\/pages\/2414","targetHints":{"allow":["GET"]}}],"collection":[{"href":"https:\/\/indawood.hu\/en\/wp-json\/wp\/v2\/pages"}],"about":[{"href":"https:\/\/indawood.hu\/en\/wp-json\/wp\/v2\/types\/page"}],"author":[{"embeddable":true,"href":"https:\/\/indawood.hu\/en\/wp-json\/wp\/v2\/users\/1"}],"replies":[{"embeddable":true,"href":"https:\/\/indawood.hu\/en\/wp-json\/wp\/v2\/comments?post=2414"}],"version-history":[{"count":10,"href":"https:\/\/indawood.hu\/en\/wp-json\/wp\/v2\/pages\/2414\/revisions"}],"predecessor-version":[{"id":2435,"href":"https:\/\/indawood.hu\/en\/wp-json\/wp\/v2\/pages\/2414\/revisions\/2435"}],"wp:attachment":[{"href":"https:\/\/indawood.hu\/en\/wp-json\/wp\/v2\/media?parent=2414"}],"curies":[{"name":"wp","href":"https:\/\/api.w.org\/{rel}","templated":true}]}}