{"id":18,"date":"2024-11-15T12:21:18","date_gmt":"2024-11-15T11:21:18","guid":{"rendered":"https:\/\/indawood.hu\/?page_id=18"},"modified":"2025-09-12T08:37:47","modified_gmt":"2025-09-12T06:37:47","slug":"imprint","status":"publish","type":"page","link":"https:\/\/indawood.hu\/en\/impresszum\/","title":{"rendered":"Imprint"},"content":{"rendered":"<div data-elementor-type=\"wp-page\" data-elementor-id=\"18\" class=\"elementor elementor-18\" data-elementor-post-type=\"page\">\n\t\t\t\t<div class=\"elementor-element elementor-element-00b50db e-flex e-con-boxed e-con e-parent\" data-id=\"00b50db\" data-element_type=\"container\" data-e-type=\"container\" data-settings=\"{&quot;background_background&quot;:&quot;classic&quot;}\">\n\t\t\t\t\t<div class=\"e-con-inner\">\n\t\t\t\t<div class=\"elementor-element elementor-element-3ef2cee elementor-widget elementor-widget-heading\" data-id=\"3ef2cee\" data-element_type=\"widget\" data-e-type=\"widget\" data-widget_type=\"heading.default\">\n\t\t\t\t<div class=\"elementor-widget-container\">\n\t\t\t\t\t<h2 class=\"elementor-heading-title elementor-size-default\">Imprint<\/h2>\t\t\t\t<\/div>\n\t\t\t\t<\/div>\n\t\t\t\t\t<\/div>\n\t\t\t\t<\/div>\n\t\t<div class=\"elementor-element elementor-element-931a01c e-flex e-con-boxed e-con e-parent\" data-id=\"931a01c\" data-element_type=\"container\" data-e-type=\"container\">\n\t\t\t\t\t<div class=\"e-con-inner\">\n\t\t<div class=\"elementor-element elementor-element-d0aa561 e-con-full e-flex e-con e-child\" data-id=\"d0aa561\" data-element_type=\"container\" data-e-type=\"container\">\n\t\t\t\t<div class=\"elementor-element elementor-element-31e27ee elementor-widget elementor-widget-text-editor\" data-id=\"31e27ee\" data-element_type=\"widget\" data-e-type=\"widget\" data-widget_type=\"text-editor.default\">\n\t\t\t\t<div class=\"elementor-widget-container\">\n\t\t\t\t\t\t\t\t\t<h3>Company Data<\/h3><p><strong>Company name:<\/strong> Inda M\u00e1tra Kft.<br \/><strong>Address:<\/strong> 3235 M\u00e1traszentimre, Pet\u0151fi S\u00e1ndor utca 2\/2<br \/><strong>Tax Number:<\/strong> 13494821-2-10<br \/><strong>Company Registration Number:<\/strong> 10-09-037340<br \/><strong>Phone:<\/strong> +36 70 612 8680<br \/><strong>E-mail:<\/strong> info@indawood.hu<br \/><strong>Website:<\/strong> <a href=\"https:\/\/indawood.hu\/en\/\" target=\"_blank\" rel=\"noopener\">www.indawood.hu<\/a><\/p><p>\u00a0<\/p><h3>Website Operator<\/h3><p><strong>Company name:<\/strong> Growth Craft Kft.<br \/><strong>Headquarters:<\/strong> 5121 J\u00e1sz\u00e1roksz\u00e1ll\u00e1s, T\u00e1ncsics Mih\u00e1ly utca 6.<br \/><strong>E-mail:<\/strong> hello@growthcraft.agency<br \/><strong>Website:<\/strong> <a href=\"https:\/\/growthcraft.agency\/\" target=\"_blank\" rel=\"noopener\">www.growthcraft.agency<\/a><\/p><p>\u00a0<\/p><h3>Web Hosting Service Provider<\/h3><p><strong>Company name:<\/strong> Rackhost Zrt.<br \/><strong>Address:<\/strong> 6722 Szeged, Tisza Lajos k\u00f6r\u00fat 41.<br \/><strong>Tax Number:<\/strong> 25364575-2-06<br \/><strong>Phone:<\/strong> +36 1 444 4920<br \/><strong>E-mail:<\/strong> support@rackhost.hu<br \/><strong>Website:<\/strong> <a href=\"https:\/\/www.rackhost.hu\/\" target=\"_blank\" rel=\"noopener\">www.rackhost.hu<\/a><\/p>\t\t\t\t\t\t\t\t<\/div>\n\t\t\t\t<\/div>\n\t\t\t\t<\/div>\n\t\t\t\t\t<\/div>\n\t\t\t\t<\/div>\n\t\t\t\t<\/div>","protected":false},"excerpt":{"rendered":"<p>Impresszum C\u00e9gadatok C\u00e9g neve: Inda M\u00e1tra Kft.C\u00edm: 3235 M\u00e1traszentimre, Pet\u0151fi S\u00e1ndor utca 2\/2Ad\u00f3sz\u00e1m: 13494821-2-10C\u00e9gjegyz\u00e9ksz\u00e1m: 10-09-037340Telefon: +36 70 612 8680E-mail: info@indawood.huWeb: www.indawood.hu \u00a0 A weboldal \u00fczemeltet\u0151je C\u00e9g neve: Growth Craft Kft.Sz\u00e9khelye: 5121 J\u00e1sz\u00e1roksz\u00e1ll\u00e1s, T\u00e1ncsics Mih\u00e1ly utca 6.E-mail: hello@growthcraft.agencyWeb: www.growthcraft.agency \u00a0 A weboldal t\u00e1rhelyszolg\u00e1ltat\u00f3ja C\u00e9g neve: Rackhost Zrt.C\u00edm: 6722 Szeged, Tisza Lajos k\u00f6r\u00fat 41.Ad\u00f3sz\u00e1m: 25364575-2-06Telefon: +36 1 [&hellip;]<\/p>\n","protected":false},"author":1,"featured_media":2446,"parent":0,"menu_order":0,"comment_status":"closed","ping_status":"closed","template":"","meta":{"footnotes":""},"class_list":["post-18","page","type-page","status-publish","has-post-thumbnail","hentry"],"yoast_head":"<!-- This site is optimized with the Yoast SEO plugin v27.3 - https:\/\/yoast.com\/product\/yoast-seo-wordpress\/ -->\n<title>Impresszum - Indawood<\/title>\n<meta name=\"description\" content=\"C\u00e9gadatok | C\u00e9g neve: Inda M\u00e1tra Kft., C\u00edm: 3235 M\u00e1traszentimre, Pet\u0151fi S\u00e1ndor utca 2\/2, Ad\u00f3sz\u00e1m: 13494821-2-10\" \/>\n<meta name=\"robots\" content=\"index, follow, max-snippet:-1, max-image-preview:large, max-video-preview:-1\" \/>\n<link rel=\"canonical\" href=\"https:\/\/indawood.hu\/en\/imprint\/\" \/>\n<meta property=\"og:locale\" content=\"en_GB\" \/>\n<meta property=\"og:type\" content=\"article\" \/>\n<meta property=\"og:title\" content=\"Impresszum - Indawood\" \/>\n<meta property=\"og:description\" content=\"C\u00e9gadatok | C\u00e9g neve: Inda M\u00e1tra Kft., C\u00edm: 3235 M\u00e1traszentimre, Pet\u0151fi S\u00e1ndor utca 2\/2, Ad\u00f3sz\u00e1m: 13494821-2-10\" \/>\n<meta property=\"og:url\" content=\"https:\/\/indawood.hu\/en\/imprint\/\" \/>\n<meta property=\"og:site_name\" content=\"Indawood\" \/>\n<meta property=\"article:publisher\" content=\"https:\/\/www.facebook.com\/indawoodmatra\" \/>\n<meta property=\"article:modified_time\" content=\"2025-09-12T06:37:47+00:00\" \/>\n<meta property=\"og:image\" content=\"https:\/\/indawood.hu\/wp-content\/uploads\/2025\/09\/indawood-3.jpg\" \/>\n\t<meta property=\"og:image:width\" content=\"1200\" \/>\n\t<meta property=\"og:image:height\" content=\"675\" \/>\n\t<meta property=\"og:image:type\" content=\"image\/jpeg\" \/>\n<meta name=\"twitter:card\" content=\"summary_large_image\" \/>\n<meta name=\"twitter:label1\" content=\"Estimated reading time\" \/>\n\t<meta name=\"twitter:data1\" content=\"1 minute\" \/>\n<script type=\"application\/ld+json\" class=\"yoast-schema-graph\">{\"@context\":\"https:\\\/\\\/schema.org\",\"@graph\":[{\"@type\":\"WebPage\",\"@id\":\"https:\\\/\\\/indawood.hu\\\/impresszum\\\/\",\"url\":\"https:\\\/\\\/indawood.hu\\\/impresszum\\\/\",\"name\":\"Impresszum - Indawood\",\"isPartOf\":{\"@id\":\"https:\\\/\\\/indawood.hu\\\/#website\"},\"primaryImageOfPage\":{\"@id\":\"https:\\\/\\\/indawood.hu\\\/impresszum\\\/#primaryimage\"},\"image\":{\"@id\":\"https:\\\/\\\/indawood.hu\\\/impresszum\\\/#primaryimage\"},\"thumbnailUrl\":\"https:\\\/\\\/indawood.hu\\\/wp-content\\\/uploads\\\/2025\\\/09\\\/indawood-3.jpg\",\"datePublished\":\"2024-11-15T11:21:18+00:00\",\"dateModified\":\"2025-09-12T06:37:47+00:00\",\"description\":\"C\u00e9gadatok | C\u00e9g neve: Inda M\u00e1tra Kft., C\u00edm: 3235 M\u00e1traszentimre, Pet\u0151fi S\u00e1ndor utca 2\\\/2, Ad\u00f3sz\u00e1m: 13494821-2-10\",\"breadcrumb\":{\"@id\":\"https:\\\/\\\/indawood.hu\\\/impresszum\\\/#breadcrumb\"},\"inLanguage\":\"en-GB\",\"potentialAction\":[{\"@type\":\"ReadAction\",\"target\":[\"https:\\\/\\\/indawood.hu\\\/impresszum\\\/\"]}]},{\"@type\":\"ImageObject\",\"inLanguage\":\"en-GB\",\"@id\":\"https:\\\/\\\/indawood.hu\\\/impresszum\\\/#primaryimage\",\"url\":\"https:\\\/\\\/indawood.hu\\\/wp-content\\\/uploads\\\/2025\\\/09\\\/indawood-3.jpg\",\"contentUrl\":\"https:\\\/\\\/indawood.hu\\\/wp-content\\\/uploads\\\/2025\\\/09\\\/indawood-3.jpg\",\"width\":1200,\"height\":675,\"caption\":\"Indawood\"},{\"@type\":\"BreadcrumbList\",\"@id\":\"https:\\\/\\\/indawood.hu\\\/impresszum\\\/#breadcrumb\",\"itemListElement\":[{\"@type\":\"ListItem\",\"position\":1,\"name\":\"Kezd\u0151lap\",\"item\":\"https:\\\/\\\/indawood.hu\\\/\"},{\"@type\":\"ListItem\",\"position\":2,\"name\":\"Impresszum\"}]},{\"@type\":\"WebSite\",\"@id\":\"https:\\\/\\\/indawood.hu\\\/#website\",\"url\":\"https:\\\/\\\/indawood.hu\\\/\",\"name\":\"Indawood\",\"description\":\"Felt\u00f6lt\u0151d\u00e9s a M\u00e1tra sz\u00edv\u00e9ben\",\"publisher\":{\"@id\":\"https:\\\/\\\/indawood.hu\\\/#organization\"},\"potentialAction\":[{\"@type\":\"SearchAction\",\"target\":{\"@type\":\"EntryPoint\",\"urlTemplate\":\"https:\\\/\\\/indawood.hu\\\/?s={search_term_string}\"},\"query-input\":{\"@type\":\"PropertyValueSpecification\",\"valueRequired\":true,\"valueName\":\"search_term_string\"}}],\"inLanguage\":\"en-GB\"},{\"@type\":\"Organization\",\"@id\":\"https:\\\/\\\/indawood.hu\\\/#organization\",\"name\":\"Indawood\",\"url\":\"https:\\\/\\\/indawood.hu\\\/\",\"logo\":{\"@type\":\"ImageObject\",\"inLanguage\":\"en-GB\",\"@id\":\"https:\\\/\\\/indawood.hu\\\/#\\\/schema\\\/logo\\\/image\\\/\",\"url\":\"https:\\\/\\\/indawood.hu\\\/wp-content\\\/uploads\\\/2024\\\/11\\\/logo-feher-1.png\",\"contentUrl\":\"https:\\\/\\\/indawood.hu\\\/wp-content\\\/uploads\\\/2024\\\/11\\\/logo-feher-1.png\",\"width\":1024,\"height\":1024,\"caption\":\"Indawood\"},\"image\":{\"@id\":\"https:\\\/\\\/indawood.hu\\\/#\\\/schema\\\/logo\\\/image\\\/\"},\"sameAs\":[\"https:\\\/\\\/www.facebook.com\\\/indawoodmatra\"]}]}<\/script>\n<!-- \/ Yoast SEO plugin. -->","yoast_head_json":{"title":"Imprint - Indawood","description":"Company Data | Company name: Inda M\u00e1tra Kft., Address: 3235 M\u00e1traszentimre, Pet\u0151fi S\u00e1ndor utca 2\/2, Tax number: 13494821-2-10","robots":{"index":"index","follow":"follow","max-snippet":"max-snippet:-1","max-image-preview":"max-image-preview:large","max-video-preview":"max-video-preview:-1"},"canonical":"https:\/\/indawood.hu\/en\/imprint\/","og_locale":"en_GB","og_type":"article","og_title":"Impresszum - Indawood","og_description":"C\u00e9gadatok | C\u00e9g neve: Inda M\u00e1tra Kft., C\u00edm: 3235 M\u00e1traszentimre, Pet\u0151fi S\u00e1ndor utca 2\/2, Ad\u00f3sz\u00e1m: 13494821-2-10","og_url":"https:\/\/indawood.hu\/en\/imprint\/","og_site_name":"Indawood","article_publisher":"https:\/\/www.facebook.com\/indawoodmatra","article_modified_time":"2025-09-12T06:37:47+00:00","og_image":[{"width":1200,"height":675,"url":"https:\/\/indawood.hu\/wp-content\/uploads\/2025\/09\/indawood-3.jpg","type":"image\/jpeg"}],"twitter_card":"summary_large_image","twitter_misc":{"Estimated reading time":"1 minute"},"schema":{"@context":"https:\/\/schema.org","@graph":[{"@type":"WebPage","@id":"https:\/\/indawood.hu\/impresszum\/","url":"https:\/\/indawood.hu\/impresszum\/","name":"Imprint - Indawood","isPartOf":{"@id":"https:\/\/indawood.hu\/#website"},"primaryImageOfPage":{"@id":"https:\/\/indawood.hu\/impresszum\/#primaryimage"},"image":{"@id":"https:\/\/indawood.hu\/impresszum\/#primaryimage"},"thumbnailUrl":"https:\/\/indawood.hu\/wp-content\/uploads\/2025\/09\/indawood-3.jpg","datePublished":"2024-11-15T11:21:18+00:00","dateModified":"2025-09-12T06:37:47+00:00","description":"Company Data | Company name: Inda M\u00e1tra Kft., Address: 3235 M\u00e1traszentimre, Pet\u0151fi S\u00e1ndor utca 2\/2, Tax number: 13494821-2-10","breadcrumb":{"@id":"https:\/\/indawood.hu\/impresszum\/#breadcrumb"},"inLanguage":"en-GB","potentialAction":[{"@type":"ReadAction","target":["https:\/\/indawood.hu\/impresszum\/"]}]},{"@type":"ImageObject","inLanguage":"en-GB","@id":"https:\/\/indawood.hu\/impresszum\/#primaryimage","url":"https:\/\/indawood.hu\/wp-content\/uploads\/2025\/09\/indawood-3.jpg","contentUrl":"https:\/\/indawood.hu\/wp-content\/uploads\/2025\/09\/indawood-3.jpg","width":1200,"height":675,"caption":"Indawood"},{"@type":"BreadcrumbList","@id":"https:\/\/indawood.hu\/impresszum\/#breadcrumb","itemListElement":[{"@type":"ListItem","position":1,"name":"Kezd\u0151lap","item":"https:\/\/indawood.hu\/"},{"@type":"ListItem","position":2,"name":"Impresszum"}]},{"@type":"WebSite","@id":"https:\/\/indawood.hu\/#website","url":"https:\/\/indawood.hu\/","name":"Indawood","description":"Recharge in the Heart of the M\u00e1tra","publisher":{"@id":"https:\/\/indawood.hu\/#organization"},"potentialAction":[{"@type":"SearchAction","target":{"@type":"EntryPoint","urlTemplate":"https:\/\/indawood.hu\/?s={search_term_string}"},"query-input":{"@type":"PropertyValueSpecification","valueRequired":true,"valueName":"search_term_string"}}],"inLanguage":"en-GB"},{"@type":"Organization","@id":"https:\/\/indawood.hu\/#organization","name":"Indawood","url":"https:\/\/indawood.hu\/","logo":{"@type":"ImageObject","inLanguage":"en-GB","@id":"https:\/\/indawood.hu\/#\/schema\/logo\/image\/","url":"https:\/\/indawood.hu\/wp-content\/uploads\/2024\/11\/logo-feher-1.png","contentUrl":"https:\/\/indawood.hu\/wp-content\/uploads\/2024\/11\/logo-feher-1.png","width":1024,"height":1024,"caption":"Indawood"},"image":{"@id":"https:\/\/indawood.hu\/#\/schema\/logo\/image\/"},"sameAs":["https:\/\/www.facebook.com\/indawoodmatra"]}]}},"_links":{"self":[{"href":"https:\/\/indawood.hu\/en\/wp-json\/wp\/v2\/pages\/18","targetHints":{"allow":["GET"]}}],"collection":[{"href":"https:\/\/indawood.hu\/en\/wp-json\/wp\/v2\/pages"}],"about":[{"href":"https:\/\/indawood.hu\/en\/wp-json\/wp\/v2\/types\/page"}],"author":[{"embeddable":true,"href":"https:\/\/indawood.hu\/en\/wp-json\/wp\/v2\/users\/1"}],"replies":[{"embeddable":true,"href":"https:\/\/indawood.hu\/en\/wp-json\/wp\/v2\/comments?post=18"}],"version-history":[{"count":4,"href":"https:\/\/indawood.hu\/en\/wp-json\/wp\/v2\/pages\/18\/revisions"}],"predecessor-version":[{"id":1029,"href":"https:\/\/indawood.hu\/en\/wp-json\/wp\/v2\/pages\/18\/revisions\/1029"}],"wp:featuredmedia":[{"embeddable":true,"href":"https:\/\/indawood.hu\/en\/wp-json\/wp\/v2\/media\/2446"}],"wp:attachment":[{"href":"https:\/\/indawood.hu\/en\/wp-json\/wp\/v2\/media?parent=18"}],"curies":[{"name":"wp","href":"https:\/\/api.w.org\/{rel}","templated":true}]}}