{"id":1376,"date":"2024-12-12T11:11:03","date_gmt":"2024-12-12T10:11:03","guid":{"rendered":"https:\/\/indawood.hu\/?page_id=1376"},"modified":"2026-01-30T12:16:15","modified_gmt":"2026-01-30T11:16:15","slug":"booking","status":"publish","type":"page","link":"https:\/\/indawood.hu\/en\/foglalas\/","title":{"rendered":"Booking"},"content":{"rendered":"<div data-elementor-type=\"wp-page\" data-elementor-id=\"1376\" class=\"elementor elementor-1376\" data-elementor-post-type=\"page\">\n\t\t\t\t<div class=\"elementor-element elementor-element-74d6237 e-flex e-con-boxed e-con e-parent\" data-id=\"74d6237\" data-element_type=\"container\" data-e-type=\"container\" data-settings=\"{&quot;background_background&quot;:&quot;classic&quot;}\">\n\t\t\t\t\t<div class=\"e-con-inner\">\n\t\t\t\t<div class=\"elementor-element elementor-element-438c850 elementor-widget elementor-widget-heading\" data-id=\"438c850\" data-element_type=\"widget\" data-e-type=\"widget\" data-widget_type=\"heading.default\">\n\t\t\t\t<div class=\"elementor-widget-container\">\n\t\t\t\t\t<h2 class=\"elementor-heading-title elementor-size-default\">Booking<\/h2>\t\t\t\t<\/div>\n\t\t\t\t<\/div>\n\t\t\t\t\t<\/div>\n\t\t\t\t<\/div>\n\t\t<div class=\"elementor-element elementor-element-2389749 e-con-full e-flex e-con e-parent\" data-id=\"2389749\" data-element_type=\"container\" data-e-type=\"container\" data-settings=\"{&quot;background_background&quot;:&quot;classic&quot;}\">\n\t\t\t\t<div class=\"elementor-element elementor-element-1034a68 elementor-widget elementor-widget-shortcode\" data-id=\"1034a68\" data-element_type=\"widget\" data-e-type=\"widget\" data-widget_type=\"shortcode.default\">\n\t\t\t\t<div class=\"elementor-widget-container\">\n\t\t\t\t\t\t\t<div class=\"elementor-shortcode\"><script type=\"text\/javascript\">\n  var bookingEngineConfig = {\n    id: '019c0e84-2c58-7019-9f8c-a9588fec2a5c',\n    lang: 'hu',\n    currency: 'HUF'\n  };\n  var a=document.createElement('script');a.src='https:\/\/booking.previo.app\/loader\/';document.head.appendChild(a);\n<\/script>\n<div id=\"previo-booking-engine\"><\/div><\/div>\n\t\t\t\t\t\t<\/div>\n\t\t\t\t<\/div>\n\t\t\t\t<\/div>\n\t\t\t\t<\/div>","protected":false},"excerpt":{"rendered":"<p>Booking<\/p>","protected":false},"author":1,"featured_media":2446,"parent":0,"menu_order":0,"comment_status":"closed","ping_status":"closed","template":"","meta":{"footnotes":""},"class_list":["post-1376","page","type-page","status-publish","has-post-thumbnail","hentry"],"yoast_head":"<!-- This site is optimized with the Yoast SEO plugin v27.3 - https:\/\/yoast.com\/product\/yoast-seo-wordpress\/ -->\n<title>Foglal\u00e1s - Indawood<\/title>\n<meta name=\"robots\" content=\"index, follow, max-snippet:-1, max-image-preview:large, max-video-preview:-1\" \/>\n<link rel=\"canonical\" href=\"https:\/\/indawood.hu\/en\/booking\/\" \/>\n<meta property=\"og:locale\" content=\"en_GB\" \/>\n<meta property=\"og:type\" content=\"article\" \/>\n<meta property=\"og:title\" content=\"Foglal\u00e1s - Indawood\" \/>\n<meta property=\"og:description\" content=\"Foglal\u00e1s\" \/>\n<meta property=\"og:url\" content=\"https:\/\/indawood.hu\/en\/booking\/\" \/>\n<meta property=\"og:site_name\" content=\"Indawood\" \/>\n<meta property=\"article:publisher\" content=\"https:\/\/www.facebook.com\/indawoodmatra\" \/>\n<meta property=\"article:modified_time\" content=\"2026-01-30T11:16:15+00:00\" \/>\n<meta property=\"og:image\" content=\"https:\/\/indawood.hu\/wp-content\/uploads\/2025\/09\/indawood-3.jpg\" \/>\n\t<meta property=\"og:image:width\" content=\"1200\" \/>\n\t<meta property=\"og:image:height\" content=\"675\" \/>\n\t<meta property=\"og:image:type\" content=\"image\/jpeg\" \/>\n<meta name=\"twitter:card\" content=\"summary_large_image\" \/>\n<meta name=\"twitter:label1\" content=\"Estimated reading time\" \/>\n\t<meta name=\"twitter:data1\" content=\"1 minute\" \/>\n<script type=\"application\/ld+json\" class=\"yoast-schema-graph\">{\"@context\":\"https:\\\/\\\/schema.org\",\"@graph\":[{\"@type\":\"WebPage\",\"@id\":\"https:\\\/\\\/indawood.hu\\\/foglalas\\\/\",\"url\":\"https:\\\/\\\/indawood.hu\\\/foglalas\\\/\",\"name\":\"Foglal\u00e1s - Indawood\",\"isPartOf\":{\"@id\":\"https:\\\/\\\/indawood.hu\\\/#website\"},\"primaryImageOfPage\":{\"@id\":\"https:\\\/\\\/indawood.hu\\\/foglalas\\\/#primaryimage\"},\"image\":{\"@id\":\"https:\\\/\\\/indawood.hu\\\/foglalas\\\/#primaryimage\"},\"thumbnailUrl\":\"https:\\\/\\\/indawood.hu\\\/wp-content\\\/uploads\\\/2025\\\/09\\\/indawood-3.jpg\",\"datePublished\":\"2024-12-12T10:11:03+00:00\",\"dateModified\":\"2026-01-30T11:16:15+00:00\",\"breadcrumb\":{\"@id\":\"https:\\\/\\\/indawood.hu\\\/foglalas\\\/#breadcrumb\"},\"inLanguage\":\"en-GB\",\"potentialAction\":[{\"@type\":\"ReadAction\",\"target\":[\"https:\\\/\\\/indawood.hu\\\/foglalas\\\/\"]}]},{\"@type\":\"ImageObject\",\"inLanguage\":\"en-GB\",\"@id\":\"https:\\\/\\\/indawood.hu\\\/foglalas\\\/#primaryimage\",\"url\":\"https:\\\/\\\/indawood.hu\\\/wp-content\\\/uploads\\\/2025\\\/09\\\/indawood-3.jpg\",\"contentUrl\":\"https:\\\/\\\/indawood.hu\\\/wp-content\\\/uploads\\\/2025\\\/09\\\/indawood-3.jpg\",\"width\":1200,\"height\":675,\"caption\":\"Indawood\"},{\"@type\":\"BreadcrumbList\",\"@id\":\"https:\\\/\\\/indawood.hu\\\/foglalas\\\/#breadcrumb\",\"itemListElement\":[{\"@type\":\"ListItem\",\"position\":1,\"name\":\"Kezd\u0151lap\",\"item\":\"https:\\\/\\\/indawood.hu\\\/\"},{\"@type\":\"ListItem\",\"position\":2,\"name\":\"Foglal\u00e1s\"}]},{\"@type\":\"WebSite\",\"@id\":\"https:\\\/\\\/indawood.hu\\\/#website\",\"url\":\"https:\\\/\\\/indawood.hu\\\/\",\"name\":\"Indawood\",\"description\":\"Felt\u00f6lt\u0151d\u00e9s a M\u00e1tra sz\u00edv\u00e9ben\",\"publisher\":{\"@id\":\"https:\\\/\\\/indawood.hu\\\/#organization\"},\"potentialAction\":[{\"@type\":\"SearchAction\",\"target\":{\"@type\":\"EntryPoint\",\"urlTemplate\":\"https:\\\/\\\/indawood.hu\\\/?s={search_term_string}\"},\"query-input\":{\"@type\":\"PropertyValueSpecification\",\"valueRequired\":true,\"valueName\":\"search_term_string\"}}],\"inLanguage\":\"en-GB\"},{\"@type\":\"Organization\",\"@id\":\"https:\\\/\\\/indawood.hu\\\/#organization\",\"name\":\"Indawood\",\"url\":\"https:\\\/\\\/indawood.hu\\\/\",\"logo\":{\"@type\":\"ImageObject\",\"inLanguage\":\"en-GB\",\"@id\":\"https:\\\/\\\/indawood.hu\\\/#\\\/schema\\\/logo\\\/image\\\/\",\"url\":\"https:\\\/\\\/indawood.hu\\\/wp-content\\\/uploads\\\/2024\\\/11\\\/logo-feher-1.png\",\"contentUrl\":\"https:\\\/\\\/indawood.hu\\\/wp-content\\\/uploads\\\/2024\\\/11\\\/logo-feher-1.png\",\"width\":1024,\"height\":1024,\"caption\":\"Indawood\"},\"image\":{\"@id\":\"https:\\\/\\\/indawood.hu\\\/#\\\/schema\\\/logo\\\/image\\\/\"},\"sameAs\":[\"https:\\\/\\\/www.facebook.com\\\/indawoodmatra\"]}]}<\/script>\n<!-- \/ Yoast SEO plugin. -->","yoast_head_json":{"title":"Booking - Indawood","robots":{"index":"index","follow":"follow","max-snippet":"max-snippet:-1","max-image-preview":"max-image-preview:large","max-video-preview":"max-video-preview:-1"},"canonical":"https:\/\/indawood.hu\/en\/booking\/","og_locale":"en_GB","og_type":"article","og_title":"Foglal\u00e1s - Indawood","og_description":"Foglal\u00e1s","og_url":"https:\/\/indawood.hu\/en\/booking\/","og_site_name":"Indawood","article_publisher":"https:\/\/www.facebook.com\/indawoodmatra","article_modified_time":"2026-01-30T11:16:15+00:00","og_image":[{"width":1200,"height":675,"url":"https:\/\/indawood.hu\/wp-content\/uploads\/2025\/09\/indawood-3.jpg","type":"image\/jpeg"}],"twitter_card":"summary_large_image","twitter_misc":{"Estimated reading time":"1 minute"},"schema":{"@context":"https:\/\/schema.org","@graph":[{"@type":"WebPage","@id":"https:\/\/indawood.hu\/foglalas\/","url":"https:\/\/indawood.hu\/foglalas\/","name":"Booking - Indawood","isPartOf":{"@id":"https:\/\/indawood.hu\/#website"},"primaryImageOfPage":{"@id":"https:\/\/indawood.hu\/foglalas\/#primaryimage"},"image":{"@id":"https:\/\/indawood.hu\/foglalas\/#primaryimage"},"thumbnailUrl":"https:\/\/indawood.hu\/wp-content\/uploads\/2025\/09\/indawood-3.jpg","datePublished":"2024-12-12T10:11:03+00:00","dateModified":"2026-01-30T11:16:15+00:00","breadcrumb":{"@id":"https:\/\/indawood.hu\/foglalas\/#breadcrumb"},"inLanguage":"en-GB","potentialAction":[{"@type":"ReadAction","target":["https:\/\/indawood.hu\/foglalas\/"]}]},{"@type":"ImageObject","inLanguage":"en-GB","@id":"https:\/\/indawood.hu\/foglalas\/#primaryimage","url":"https:\/\/indawood.hu\/wp-content\/uploads\/2025\/09\/indawood-3.jpg","contentUrl":"https:\/\/indawood.hu\/wp-content\/uploads\/2025\/09\/indawood-3.jpg","width":1200,"height":675,"caption":"Indawood"},{"@type":"BreadcrumbList","@id":"https:\/\/indawood.hu\/foglalas\/#breadcrumb","itemListElement":[{"@type":"ListItem","position":1,"name":"Kezd\u0151lap","item":"https:\/\/indawood.hu\/"},{"@type":"ListItem","position":2,"name":"Foglal\u00e1s"}]},{"@type":"WebSite","@id":"https:\/\/indawood.hu\/#website","url":"https:\/\/indawood.hu\/","name":"Indawood","description":"Recharge in the Heart of the M\u00e1tra","publisher":{"@id":"https:\/\/indawood.hu\/#organization"},"potentialAction":[{"@type":"SearchAction","target":{"@type":"EntryPoint","urlTemplate":"https:\/\/indawood.hu\/?s={search_term_string}"},"query-input":{"@type":"PropertyValueSpecification","valueRequired":true,"valueName":"search_term_string"}}],"inLanguage":"en-GB"},{"@type":"Organization","@id":"https:\/\/indawood.hu\/#organization","name":"Indawood","url":"https:\/\/indawood.hu\/","logo":{"@type":"ImageObject","inLanguage":"en-GB","@id":"https:\/\/indawood.hu\/#\/schema\/logo\/image\/","url":"https:\/\/indawood.hu\/wp-content\/uploads\/2024\/11\/logo-feher-1.png","contentUrl":"https:\/\/indawood.hu\/wp-content\/uploads\/2024\/11\/logo-feher-1.png","width":1024,"height":1024,"caption":"Indawood"},"image":{"@id":"https:\/\/indawood.hu\/#\/schema\/logo\/image\/"},"sameAs":["https:\/\/www.facebook.com\/indawoodmatra"]}]}},"_links":{"self":[{"href":"https:\/\/indawood.hu\/en\/wp-json\/wp\/v2\/pages\/1376","targetHints":{"allow":["GET"]}}],"collection":[{"href":"https:\/\/indawood.hu\/en\/wp-json\/wp\/v2\/pages"}],"about":[{"href":"https:\/\/indawood.hu\/en\/wp-json\/wp\/v2\/types\/page"}],"author":[{"embeddable":true,"href":"https:\/\/indawood.hu\/en\/wp-json\/wp\/v2\/users\/1"}],"replies":[{"embeddable":true,"href":"https:\/\/indawood.hu\/en\/wp-json\/wp\/v2\/comments?post=1376"}],"version-history":[{"count":10,"href":"https:\/\/indawood.hu\/en\/wp-json\/wp\/v2\/pages\/1376\/revisions"}],"predecessor-version":[{"id":2496,"href":"https:\/\/indawood.hu\/en\/wp-json\/wp\/v2\/pages\/1376\/revisions\/2496"}],"wp:featuredmedia":[{"embeddable":true,"href":"https:\/\/indawood.hu\/en\/wp-json\/wp\/v2\/media\/2446"}],"wp:attachment":[{"href":"https:\/\/indawood.hu\/en\/wp-json\/wp\/v2\/media?parent=1376"}],"curies":[{"name":"wp","href":"https:\/\/api.w.org\/{rel}","templated":true}]}}