{"id":102,"date":"2024-11-15T14:29:21","date_gmt":"2024-11-15T13:29:21","guid":{"rendered":"https:\/\/indawood.hu\/adatvedelmi-tajekoztato-2\/"},"modified":"2025-09-12T08:36:40","modified_gmt":"2025-09-12T06:36:40","slug":"privacy-policy","status":"publish","type":"page","link":"https:\/\/indawood.hu\/en\/adatvedelmi-tajekoztato\/","title":{"rendered":"Privacy Policy"},"content":{"rendered":"<div data-elementor-type=\"wp-page\" data-elementor-id=\"102\" class=\"elementor elementor-102\" data-elementor-post-type=\"page\">\n\t\t\t\t<div class=\"elementor-element elementor-element-e76d66d e-flex e-con-boxed e-con e-parent\" data-id=\"e76d66d\" data-element_type=\"container\" data-e-type=\"container\" data-settings=\"{&quot;background_background&quot;:&quot;classic&quot;}\">\n\t\t\t\t\t<div class=\"e-con-inner\">\n\t\t\t\t<div class=\"elementor-element elementor-element-6754d6b elementor-widget elementor-widget-heading\" data-id=\"6754d6b\" data-element_type=\"widget\" data-e-type=\"widget\" data-widget_type=\"heading.default\">\n\t\t\t\t<div class=\"elementor-widget-container\">\n\t\t\t\t\t<h2 class=\"elementor-heading-title elementor-size-default\">Privacy Policy<\/h2>\t\t\t\t<\/div>\n\t\t\t\t<\/div>\n\t\t\t\t\t<\/div>\n\t\t\t\t<\/div>\n\t\t<div class=\"elementor-element elementor-element-bf426b6 e-flex e-con-boxed e-con e-parent\" data-id=\"bf426b6\" data-element_type=\"container\" data-e-type=\"container\">\n\t\t\t\t\t<div class=\"e-con-inner\">\n\t\t<div class=\"elementor-element elementor-element-859c650 e-con-full e-flex e-con e-child\" data-id=\"859c650\" data-element_type=\"container\" data-e-type=\"container\">\n\t\t\t\t<div class=\"elementor-element elementor-element-78297c5 elementor-widget elementor-widget-text-editor\" data-id=\"78297c5\" data-element_type=\"widget\" data-e-type=\"widget\" data-widget_type=\"text-editor.default\">\n\t\t\t\t<div class=\"elementor-widget-container\">\n\t\t\t\t\t\t\t\t\t<p>As the data controller, <strong>Inda M\u00e1tra Kft.<\/strong> (hereinafter referred to as the \"Data Controller\") presents this privacy notice to inform you about the data processing practices on the <a href=\"https:\/\/indawood.hu\/en\/\" target=\"_blank\" rel=\"noopener\">www.indawood.hu<\/a> website (hereinafter referred to as the \"Website\").<\/p><h3>\u00a0<\/h3><h3>Data Controller Name and Details<\/h3><p><strong>Name:<\/strong> Inda M\u00e1tra Kft.<br \/><strong>Registered office:<\/strong> 3235 M\u00e1traszentimre, Pet\u0151fi S\u00e1ndor utca 2\/2<br \/><strong>Tax Number:<\/strong> 13494821-2-10<br \/><strong>Email:<\/strong> info@indawood.hu<br \/><strong>Phone:<\/strong> +36 70 612 8680<\/p><p><strong>Scope of Personal Data Processed<br \/><\/strong><\/p><ul><li><strong>When sending a message:<\/strong> Name, email address<\/li><li><strong>Use of cookies:<\/strong> Visit statistics and website usage data<\/li><\/ul><h3>\u00a0<\/h3><h3>Cookies<\/h3><p>During the use of the Website, one or more cookies will be placed on the user's computer. A cookie is a package of information made up of letters and numbers that is sent by the Website to the user's browser. These are aimed at:<\/p><ul><li>Improving the user experience<\/li><li>Facilitating the operation of the Website<\/li><li>Collecting statistical information about visits<\/li><\/ul><p><strong>Types of Cookies Used:<\/strong><\/p><ul><li>Analytics and tracking cookies<\/li><li>Tracking cookies via the website<\/li><\/ul><h3>\u00a0<\/h3><h3>Purpose of Data Processing<\/h3><p>The purpose of data processing is to provide the services available on the Website and facilitate communication. The automatically recorded data will be used for statistical analysis, the development of the IT system, and the improvement of the user experience.<\/p><h3>\u00a0<\/h3><h3>Legal Basis for Data Processing<\/h3><p>The legal basis for data processing is the voluntary consent of the data subjects, as per Section 5(1)(a) of Act CXII of 2011 on the Right to Informational Self-Determination and Freedom of Information (Infotv.). To send a message on the Website, the user must accept the terms outlined in this notice by ticking a checkbox.<\/p><h3>\u00a0<\/h3><h3>Duration of Data Processing<\/h3><p><strong>Message Sending<\/strong><br \/>The data provided during the message-sending process will be stored by the Data Controller for one year following the completion of the case.<\/p><p><strong>Cookies<\/strong><br \/>Some of the cookies placed by the Website in the browser are automatically deleted, while others can be deleted or disabled by the user through the browser settings. Please note that disabling cookies may affect the functionality of the Website.<\/p><p><strong>Mandatory Data Retention<\/strong><br \/>The retention periods mandated by law (e.g., accounting regulations) are not affected by the data processing duration.<\/p><h3>\u00a0<\/h3><h3>Persons Entitled to Access the Data<\/h3><p>Only the Data Controller and its employees have access to the personal data. Data may only be transferred to third parties if required by law or with the explicit, prior consent of the data subject.<br \/>The Data Controller may use data processors (e.g., system administrators, accountants), who can access the data only to the necessary extent.<\/p><h3>\u00a0<\/h3><h3>Data Security<\/h3><p>The Data Controller ensures the security of the data and implements the necessary security and technical measures to protect the collected, stored, or processed data. It also takes steps to prevent the destruction, unauthorized use, or unauthorized alteration of the data.<\/p><h3>\u00a0<\/h3><h3>Rights of Users and Remedies<\/h3><p><strong>Request for Information<\/strong><br \/>Users can request information at any time about their personal data being processed, its source, purpose of processing, legal basis, and duration.<\/p><p><strong>Rectification, Deletion, Locking<\/strong><br \/>Users may request the correction, deletion, or locking of their data. If the Data Controller refuses the request, they will notify the data subject in writing within 25 days, indicating the available legal remedies.<\/p><p><strong>Remedies<\/strong><br \/>Users can file a complaint with the National Authority for Data Protection and Freedom of Information or, in case of a violation of their rights, can turn to the court.<\/p><h3>\u00a0<\/h3><h3>Miscellaneous Provisions<\/h3><p>The Data Controller\u2019s system may collect data about the users\u2019 activities that cannot be linked to other data provided by the users or data arising from the use of other websites or services.<br \/>The Data Controller reserves the right to modify this Privacy Notice. After the modifications come into effect, the user accepts the modified Privacy Notice by continuing to use the service.<\/p>\t\t\t\t\t\t\t\t<\/div>\n\t\t\t\t<\/div>\n\t\t\t\t<\/div>\n\t\t\t\t\t<\/div>\n\t\t\t\t<\/div>\n\t\t\t\t<\/div>","protected":false},"excerpt":{"rendered":"<p>Adatv\u00e9delmi t\u00e1j\u00e9koztat\u00f3 Az Inda M\u00e1tra Kft. (a tov\u00e1bbiakban: \u201eAdatkezel\u0151\u201d) jelen adatkezel\u00e9ssel kapcsolatos t\u00e1j\u00e9koztat\u00f3ja ismerteti a www.indawood.hu honlapon (a tov\u00e1bbiakban: \u201eOldal\u201d) alkalmazott adatkezel\u00e9si gyakorlatot. \u00a0 Adatkezel\u0151 megnevez\u00e9se \u00e9s adatai N\u00e9v: Inda M\u00e1tra Kft.Sz\u00e9khely: 3235 M\u00e1traszentimre, Pet\u0151fi S\u00e1ndor utca 2\/2Ad\u00f3sz\u00e1m: 13494821-2-10E-mail c\u00edm: info@indawood.huTelefonsz\u00e1m: +36 70 612 8680 A kezelt szem\u00e9lyes adatok k\u00f6re \u00dczenetk\u00fcld\u00e9s sor\u00e1n: n\u00e9v, e-mail c\u00edm [&hellip;]<\/p>\n","protected":false},"author":1,"featured_media":2446,"parent":0,"menu_order":0,"comment_status":"closed","ping_status":"closed","template":"","meta":{"footnotes":""},"class_list":["post-102","page","type-page","status-publish","has-post-thumbnail","hentry"],"yoast_head":"<!-- This site is optimized with the Yoast SEO plugin v27.3 - https:\/\/yoast.com\/product\/yoast-seo-wordpress\/ -->\n<title>Adatv\u00e9delmi t\u00e1j\u00e9koztat\u00f3 - Indawood<\/title>\n<meta name=\"description\" content=\"Az Inda M\u00e1tra Kft. (a tov\u00e1bbiakban: \u201eAdatkezel\u0151\u201d) jelen adatkezel\u00e9ssel kapcsolatos t\u00e1j\u00e9koztat\u00f3ja ismerteti a www.indawood.hu honlapon (a tov\u00e1bbiakban: \u201eOldal\u201d) alkalmazott adatkezel\u00e9si gyakorlatot.\" \/>\n<meta name=\"robots\" content=\"index, follow, max-snippet:-1, max-image-preview:large, max-video-preview:-1\" \/>\n<link rel=\"canonical\" href=\"https:\/\/indawood.hu\/en\/privacy-policy\/\" \/>\n<meta property=\"og:locale\" content=\"en_GB\" \/>\n<meta property=\"og:type\" content=\"article\" \/>\n<meta property=\"og:title\" content=\"Adatv\u00e9delmi t\u00e1j\u00e9koztat\u00f3 - Indawood\" \/>\n<meta property=\"og:description\" content=\"Az Inda M\u00e1tra Kft. (a tov\u00e1bbiakban: \u201eAdatkezel\u0151\u201d) jelen adatkezel\u00e9ssel kapcsolatos t\u00e1j\u00e9koztat\u00f3ja ismerteti a www.indawood.hu honlapon (a tov\u00e1bbiakban: \u201eOldal\u201d) alkalmazott adatkezel\u00e9si gyakorlatot.\" \/>\n<meta property=\"og:url\" content=\"https:\/\/indawood.hu\/en\/privacy-policy\/\" \/>\n<meta property=\"og:site_name\" content=\"Indawood\" \/>\n<meta property=\"article:publisher\" content=\"https:\/\/www.facebook.com\/indawoodmatra\" \/>\n<meta property=\"article:modified_time\" content=\"2025-09-12T06:36:40+00:00\" \/>\n<meta property=\"og:image\" content=\"https:\/\/indawood.hu\/wp-content\/uploads\/2025\/09\/indawood-3.jpg\" \/>\n\t<meta property=\"og:image:width\" content=\"1200\" \/>\n\t<meta property=\"og:image:height\" content=\"675\" \/>\n\t<meta property=\"og:image:type\" content=\"image\/jpeg\" \/>\n<meta name=\"twitter:card\" content=\"summary_large_image\" \/>\n<meta name=\"twitter:label1\" content=\"Estimated reading time\" \/>\n\t<meta name=\"twitter:data1\" content=\"3 minutes\" \/>\n<script type=\"application\/ld+json\" class=\"yoast-schema-graph\">{\"@context\":\"https:\\\/\\\/schema.org\",\"@graph\":[{\"@type\":\"WebPage\",\"@id\":\"https:\\\/\\\/indawood.hu\\\/adatvedelmi-tajekoztato\\\/\",\"url\":\"https:\\\/\\\/indawood.hu\\\/adatvedelmi-tajekoztato\\\/\",\"name\":\"Adatv\u00e9delmi t\u00e1j\u00e9koztat\u00f3 - Indawood\",\"isPartOf\":{\"@id\":\"https:\\\/\\\/indawood.hu\\\/#website\"},\"primaryImageOfPage\":{\"@id\":\"https:\\\/\\\/indawood.hu\\\/adatvedelmi-tajekoztato\\\/#primaryimage\"},\"image\":{\"@id\":\"https:\\\/\\\/indawood.hu\\\/adatvedelmi-tajekoztato\\\/#primaryimage\"},\"thumbnailUrl\":\"https:\\\/\\\/indawood.hu\\\/wp-content\\\/uploads\\\/2025\\\/09\\\/indawood-3.jpg\",\"datePublished\":\"2024-11-15T13:29:21+00:00\",\"dateModified\":\"2025-09-12T06:36:40+00:00\",\"description\":\"Az Inda M\u00e1tra Kft. (a tov\u00e1bbiakban: \u201eAdatkezel\u0151\u201d) jelen adatkezel\u00e9ssel kapcsolatos t\u00e1j\u00e9koztat\u00f3ja ismerteti a www.indawood.hu honlapon (a tov\u00e1bbiakban: \u201eOldal\u201d) alkalmazott adatkezel\u00e9si gyakorlatot.\",\"breadcrumb\":{\"@id\":\"https:\\\/\\\/indawood.hu\\\/adatvedelmi-tajekoztato\\\/#breadcrumb\"},\"inLanguage\":\"en-GB\",\"potentialAction\":[{\"@type\":\"ReadAction\",\"target\":[\"https:\\\/\\\/indawood.hu\\\/adatvedelmi-tajekoztato\\\/\"]}]},{\"@type\":\"ImageObject\",\"inLanguage\":\"en-GB\",\"@id\":\"https:\\\/\\\/indawood.hu\\\/adatvedelmi-tajekoztato\\\/#primaryimage\",\"url\":\"https:\\\/\\\/indawood.hu\\\/wp-content\\\/uploads\\\/2025\\\/09\\\/indawood-3.jpg\",\"contentUrl\":\"https:\\\/\\\/indawood.hu\\\/wp-content\\\/uploads\\\/2025\\\/09\\\/indawood-3.jpg\",\"width\":1200,\"height\":675,\"caption\":\"Indawood\"},{\"@type\":\"BreadcrumbList\",\"@id\":\"https:\\\/\\\/indawood.hu\\\/adatvedelmi-tajekoztato\\\/#breadcrumb\",\"itemListElement\":[{\"@type\":\"ListItem\",\"position\":1,\"name\":\"Kezd\u0151lap\",\"item\":\"https:\\\/\\\/indawood.hu\\\/\"},{\"@type\":\"ListItem\",\"position\":2,\"name\":\"Adatv\u00e9delmi t\u00e1j\u00e9koztat\u00f3\"}]},{\"@type\":\"WebSite\",\"@id\":\"https:\\\/\\\/indawood.hu\\\/#website\",\"url\":\"https:\\\/\\\/indawood.hu\\\/\",\"name\":\"Indawood\",\"description\":\"Felt\u00f6lt\u0151d\u00e9s a M\u00e1tra sz\u00edv\u00e9ben\",\"publisher\":{\"@id\":\"https:\\\/\\\/indawood.hu\\\/#organization\"},\"potentialAction\":[{\"@type\":\"SearchAction\",\"target\":{\"@type\":\"EntryPoint\",\"urlTemplate\":\"https:\\\/\\\/indawood.hu\\\/?s={search_term_string}\"},\"query-input\":{\"@type\":\"PropertyValueSpecification\",\"valueRequired\":true,\"valueName\":\"search_term_string\"}}],\"inLanguage\":\"en-GB\"},{\"@type\":\"Organization\",\"@id\":\"https:\\\/\\\/indawood.hu\\\/#organization\",\"name\":\"Indawood\",\"url\":\"https:\\\/\\\/indawood.hu\\\/\",\"logo\":{\"@type\":\"ImageObject\",\"inLanguage\":\"en-GB\",\"@id\":\"https:\\\/\\\/indawood.hu\\\/#\\\/schema\\\/logo\\\/image\\\/\",\"url\":\"https:\\\/\\\/indawood.hu\\\/wp-content\\\/uploads\\\/2024\\\/11\\\/logo-feher-1.png\",\"contentUrl\":\"https:\\\/\\\/indawood.hu\\\/wp-content\\\/uploads\\\/2024\\\/11\\\/logo-feher-1.png\",\"width\":1024,\"height\":1024,\"caption\":\"Indawood\"},\"image\":{\"@id\":\"https:\\\/\\\/indawood.hu\\\/#\\\/schema\\\/logo\\\/image\\\/\"},\"sameAs\":[\"https:\\\/\\\/www.facebook.com\\\/indawoodmatra\"]}]}<\/script>\n<!-- \/ Yoast SEO plugin. -->","yoast_head_json":{"title":"Privacy Policy - Indawood","description":"Inda M\u00e1tra Kft. (hereinafter referred to as the \"Data Controller\") presents this privacy notice to inform you about the data processing practices on the www.indawood.hu website (hereinafter referred to as the \"Website\").","robots":{"index":"index","follow":"follow","max-snippet":"max-snippet:-1","max-image-preview":"max-image-preview:large","max-video-preview":"max-video-preview:-1"},"canonical":"https:\/\/indawood.hu\/en\/privacy-policy\/","og_locale":"en_GB","og_type":"article","og_title":"Adatv\u00e9delmi t\u00e1j\u00e9koztat\u00f3 - Indawood","og_description":"Az Inda M\u00e1tra Kft. (a tov\u00e1bbiakban: \u201eAdatkezel\u0151\u201d) jelen adatkezel\u00e9ssel kapcsolatos t\u00e1j\u00e9koztat\u00f3ja ismerteti a www.indawood.hu honlapon (a tov\u00e1bbiakban: \u201eOldal\u201d) alkalmazott adatkezel\u00e9si gyakorlatot.","og_url":"https:\/\/indawood.hu\/en\/privacy-policy\/","og_site_name":"Indawood","article_publisher":"https:\/\/www.facebook.com\/indawoodmatra","article_modified_time":"2025-09-12T06:36:40+00:00","og_image":[{"width":1200,"height":675,"url":"https:\/\/indawood.hu\/wp-content\/uploads\/2025\/09\/indawood-3.jpg","type":"image\/jpeg"}],"twitter_card":"summary_large_image","twitter_misc":{"Estimated reading time":"3 minutes"},"schema":{"@context":"https:\/\/schema.org","@graph":[{"@type":"WebPage","@id":"https:\/\/indawood.hu\/adatvedelmi-tajekoztato\/","url":"https:\/\/indawood.hu\/adatvedelmi-tajekoztato\/","name":"Privacy Policy - Indawood","isPartOf":{"@id":"https:\/\/indawood.hu\/#website"},"primaryImageOfPage":{"@id":"https:\/\/indawood.hu\/adatvedelmi-tajekoztato\/#primaryimage"},"image":{"@id":"https:\/\/indawood.hu\/adatvedelmi-tajekoztato\/#primaryimage"},"thumbnailUrl":"https:\/\/indawood.hu\/wp-content\/uploads\/2025\/09\/indawood-3.jpg","datePublished":"2024-11-15T13:29:21+00:00","dateModified":"2025-09-12T06:36:40+00:00","description":"Inda M\u00e1tra Kft. (hereinafter referred to as the \"Data Controller\") presents this privacy notice to inform you about the data processing practices on the www.indawood.hu website (hereinafter referred to as the \"Website\").","breadcrumb":{"@id":"https:\/\/indawood.hu\/adatvedelmi-tajekoztato\/#breadcrumb"},"inLanguage":"en-GB","potentialAction":[{"@type":"ReadAction","target":["https:\/\/indawood.hu\/adatvedelmi-tajekoztato\/"]}]},{"@type":"ImageObject","inLanguage":"en-GB","@id":"https:\/\/indawood.hu\/adatvedelmi-tajekoztato\/#primaryimage","url":"https:\/\/indawood.hu\/wp-content\/uploads\/2025\/09\/indawood-3.jpg","contentUrl":"https:\/\/indawood.hu\/wp-content\/uploads\/2025\/09\/indawood-3.jpg","width":1200,"height":675,"caption":"Indawood"},{"@type":"BreadcrumbList","@id":"https:\/\/indawood.hu\/adatvedelmi-tajekoztato\/#breadcrumb","itemListElement":[{"@type":"ListItem","position":1,"name":"Kezd\u0151lap","item":"https:\/\/indawood.hu\/"},{"@type":"ListItem","position":2,"name":"Adatv\u00e9delmi t\u00e1j\u00e9koztat\u00f3"}]},{"@type":"WebSite","@id":"https:\/\/indawood.hu\/#website","url":"https:\/\/indawood.hu\/","name":"Indawood","description":"Recharge in the Heart of the M\u00e1tra","publisher":{"@id":"https:\/\/indawood.hu\/#organization"},"potentialAction":[{"@type":"SearchAction","target":{"@type":"EntryPoint","urlTemplate":"https:\/\/indawood.hu\/?s={search_term_string}"},"query-input":{"@type":"PropertyValueSpecification","valueRequired":true,"valueName":"search_term_string"}}],"inLanguage":"en-GB"},{"@type":"Organization","@id":"https:\/\/indawood.hu\/#organization","name":"Indawood","url":"https:\/\/indawood.hu\/","logo":{"@type":"ImageObject","inLanguage":"en-GB","@id":"https:\/\/indawood.hu\/#\/schema\/logo\/image\/","url":"https:\/\/indawood.hu\/wp-content\/uploads\/2024\/11\/logo-feher-1.png","contentUrl":"https:\/\/indawood.hu\/wp-content\/uploads\/2024\/11\/logo-feher-1.png","width":1024,"height":1024,"caption":"Indawood"},"image":{"@id":"https:\/\/indawood.hu\/#\/schema\/logo\/image\/"},"sameAs":["https:\/\/www.facebook.com\/indawoodmatra"]}]}},"_links":{"self":[{"href":"https:\/\/indawood.hu\/en\/wp-json\/wp\/v2\/pages\/102","targetHints":{"allow":["GET"]}}],"collection":[{"href":"https:\/\/indawood.hu\/en\/wp-json\/wp\/v2\/pages"}],"about":[{"href":"https:\/\/indawood.hu\/en\/wp-json\/wp\/v2\/types\/page"}],"author":[{"embeddable":true,"href":"https:\/\/indawood.hu\/en\/wp-json\/wp\/v2\/users\/1"}],"replies":[{"embeddable":true,"href":"https:\/\/indawood.hu\/en\/wp-json\/wp\/v2\/comments?post=102"}],"version-history":[{"count":25,"href":"https:\/\/indawood.hu\/en\/wp-json\/wp\/v2\/pages\/102\/revisions"}],"predecessor-version":[{"id":1838,"href":"https:\/\/indawood.hu\/en\/wp-json\/wp\/v2\/pages\/102\/revisions\/1838"}],"wp:featuredmedia":[{"embeddable":true,"href":"https:\/\/indawood.hu\/en\/wp-json\/wp\/v2\/media\/2446"}],"wp:attachment":[{"href":"https:\/\/indawood.hu\/en\/wp-json\/wp\/v2\/media?parent=102"}],"curies":[{"name":"wp","href":"https:\/\/api.w.org\/{rel}","templated":true}]}}